{"id":1399,"date":"2022-05-26T14:24:35","date_gmt":"2022-05-26T14:24:35","guid":{"rendered":"https:\/\/lojaaconcheguinho.com.br\/enfermeiramichele\/?page_id=1399"},"modified":"2022-05-26T18:20:38","modified_gmt":"2022-05-26T18:20:38","slug":"cursos","status":"publish","type":"page","link":"https:\/\/lojaaconcheguinho.com.br\/enfermeiramichele\/index.php\/cursos\/","title":{"rendered":"Cursos"},"content":{"rendered":"\t\t<div data-elementor-type=\"wp-page\" data-elementor-id=\"1399\" class=\"elementor elementor-1399\" data-elementor-settings=\"[]\">\n\t\t\t\t\t\t\t<div class=\"elementor-section-wrap\">\n\t\t\t\t\t\t\t<section class=\"elementor-section elementor-top-section elementor-element elementor-element-ea18890 elementor-section-full_width elementor-section-content-middle elementor-section-height-default elementor-section-height-default\" data-id=\"ea18890\" data-element_type=\"section\" data-settings=\"{&quot;background_background&quot;:&quot;classic&quot;}\">\n\t\t\t\t\t\t<div class=\"elementor-container elementor-column-gap-default\">\n\t\t\t\t\t<div class=\"elementor-column elementor-col-50 elementor-top-column elementor-element elementor-element-09ca61b\" data-id=\"09ca61b\" data-element_type=\"column\">\n\t\t\t<div class=\"elementor-widget-wrap elementor-element-populated\">\n\t\t\t\t\t\t\t\t<div class=\"elementor-element elementor-element-08e86bd elementor-widget elementor-widget-image\" data-id=\"08e86bd\" data-element_type=\"widget\" data-widget_type=\"image.default\">\n\t\t\t\t<div class=\"elementor-widget-container\">\n\t\t\t\t\t\t\t\t\t\t\t\t\t\t\t\t<a href=\"https:\/\/lojaaconcheguinho.com.br\/enfermeiramichele\/\">\n\t\t\t\t\t\t\t<img width=\"1024\" height=\"140\" src=\"https:\/\/lojaaconcheguinho.com.br\/enfermeiramichele\/wp-content\/uploads\/2022\/05\/logo_michele-1024x140.png\" class=\"attachment-large size-large\" alt=\"\" loading=\"lazy\" srcset=\"https:\/\/lojaaconcheguinho.com.br\/enfermeiramichele\/wp-content\/uploads\/2022\/05\/logo_michele-1024x140.png 1024w, https:\/\/lojaaconcheguinho.com.br\/enfermeiramichele\/wp-content\/uploads\/2022\/05\/logo_michele-300x41.png 300w, https:\/\/lojaaconcheguinho.com.br\/enfermeiramichele\/wp-content\/uploads\/2022\/05\/logo_michele-768x105.png 768w, https:\/\/lojaaconcheguinho.com.br\/enfermeiramichele\/wp-content\/uploads\/2022\/05\/logo_michele-1536x211.png 1536w, https:\/\/lojaaconcheguinho.com.br\/enfermeiramichele\/wp-content\/uploads\/2022\/05\/logo_michele.png 1634w\" sizes=\"(max-width: 1024px) 100vw, 1024px\" \/>\t\t\t\t\t\t\t\t<\/a>\n\t\t\t\t\t\t\t\t\t\t\t\t\t\t\t<\/div>\n\t\t\t\t<\/div>\n\t\t\t\t\t<\/div>\n\t\t<\/div>\n\t\t\t\t<div class=\"elementor-column elementor-col-50 elementor-top-column elementor-element elementor-element-196c703\" data-id=\"196c703\" data-element_type=\"column\">\n\t\t\t<div class=\"elementor-widget-wrap elementor-element-populated\">\n\t\t\t\t\t\t\t\t<div class=\"elementor-element elementor-element-f33dddc elementor-shape-circle e-grid-align-right elementor-grid-0 elementor-widget elementor-widget-social-icons\" data-id=\"f33dddc\" data-element_type=\"widget\" data-widget_type=\"social-icons.default\">\n\t\t\t\t<div class=\"elementor-widget-container\">\n\t\t\t\t\t<div class=\"elementor-social-icons-wrapper elementor-grid\">\n\t\t\t\t\t\t\t<span class=\"elementor-grid-item\">\n\t\t\t\t\t<a class=\"elementor-icon elementor-social-icon elementor-social-icon-facebook elementor-repeater-item-0e8bd5b\" href=\"https:\/\/www.facebook.com\/lojaaconcheguinho\/\" target=\"_blank\">\n\t\t\t\t\t\t<span class=\"elementor-screen-only\">Facebook<\/span>\n\t\t\t\t\t\t<i class=\"fab fa-facebook\"><\/i>\t\t\t\t\t<\/a>\n\t\t\t\t<\/span>\n\t\t\t\t\t\t\t<span class=\"elementor-grid-item\">\n\t\t\t\t\t<a class=\"elementor-icon elementor-social-icon elementor-social-icon-instagram elementor-repeater-item-8d3e263\" href=\"https:\/\/www.instagram.com\/enfmicheleferreira\/\" target=\"_blank\">\n\t\t\t\t\t\t<span class=\"elementor-screen-only\">Instagram<\/span>\n\t\t\t\t\t\t<i class=\"fab fa-instagram\"><\/i>\t\t\t\t\t<\/a>\n\t\t\t\t<\/span>\n\t\t\t\t\t\t\t<span class=\"elementor-grid-item\">\n\t\t\t\t\t<a class=\"elementor-icon elementor-social-icon elementor-social-icon-whatsapp elementor-repeater-item-912ce12\" href=\"https:\/\/api.whatsapp.com\/send?phone=5551984056323\" target=\"_blank\">\n\t\t\t\t\t\t<span class=\"elementor-screen-only\">Whatsapp<\/span>\n\t\t\t\t\t\t<i class=\"fab fa-whatsapp\"><\/i>\t\t\t\t\t<\/a>\n\t\t\t\t<\/span>\n\t\t\t\t\t<\/div>\n\t\t\t\t<\/div>\n\t\t\t\t<\/div>\n\t\t\t\t\t<\/div>\n\t\t<\/div>\n\t\t\t\t\t\t\t<\/div>\n\t\t<\/section>\n\t\t\t\t<section class=\"elementor-section elementor-top-section elementor-element elementor-element-2b393c02 elementor-section-boxed elementor-section-height-default elementor-section-height-default\" data-id=\"2b393c02\" data-element_type=\"section\">\n\t\t\t\t\t\t<div class=\"elementor-container elementor-column-gap-default\">\n\t\t\t\t\t<div class=\"elementor-column elementor-col-100 elementor-top-column elementor-element elementor-element-23f5f618\" data-id=\"23f5f618\" data-element_type=\"column\">\n\t\t\t<div class=\"elementor-widget-wrap elementor-element-populated\">\n\t\t\t\t\t\t\t\t<div class=\"elementor-element elementor-element-284fe276 elementor-widget elementor-widget-spacer\" data-id=\"284fe276\" data-element_type=\"widget\" data-widget_type=\"spacer.default\">\n\t\t\t\t<div class=\"elementor-widget-container\">\n\t\t\t\t\t<div class=\"elementor-spacer\">\n\t\t\t<div class=\"elementor-spacer-inner\"><\/div>\n\t\t<\/div>\n\t\t\t\t<\/div>\n\t\t\t\t<\/div>\n\t\t\t\t\t<\/div>\n\t\t<\/div>\n\t\t\t\t\t\t\t<\/div>\n\t\t<\/section>\n\t\t\t\t<section class=\"elementor-section elementor-top-section elementor-element elementor-element-5395c22 elementor-section-boxed elementor-section-height-default elementor-section-height-default\" data-id=\"5395c22\" data-element_type=\"section\">\n\t\t\t\t\t\t<div class=\"elementor-container elementor-column-gap-default\">\n\t\t\t\t\t<div class=\"elementor-column elementor-col-25 elementor-top-column elementor-element elementor-element-8ea53a4\" data-id=\"8ea53a4\" data-element_type=\"column\">\n\t\t\t<div class=\"elementor-widget-wrap elementor-element-populated\">\n\t\t\t\t\t\t\t\t<div class=\"elementor-element elementor-element-d382421 elementor-widget elementor-widget-heading\" data-id=\"d382421\" data-element_type=\"widget\" data-widget_type=\"heading.default\">\n\t\t\t\t<div class=\"elementor-widget-container\">\n\t\t\t<h2 class=\"elementor-heading-title elementor-size-default\"><a href=\"https:\/\/lojaaconcheguinho.com.br\/enfermeiramichele\/index.php\/consultoria\/\">Consultoria<\/a><\/h2>\t\t<\/div>\n\t\t\t\t<\/div>\n\t\t\t\t\t<\/div>\n\t\t<\/div>\n\t\t\t\t<div class=\"elementor-column elementor-col-25 elementor-top-column elementor-element elementor-element-e7a5017\" data-id=\"e7a5017\" data-element_type=\"column\">\n\t\t\t<div class=\"elementor-widget-wrap elementor-element-populated\">\n\t\t\t\t\t\t\t\t<div class=\"elementor-element elementor-element-67392aa elementor-widget elementor-widget-heading\" data-id=\"67392aa\" data-element_type=\"widget\" data-widget_type=\"heading.default\">\n\t\t\t\t<div class=\"elementor-widget-container\">\n\t\t\t<h2 class=\"elementor-heading-title elementor-size-default\"><a href=\"https:\/\/lojaaconcheguinho.com.br\/enfermeiramichele\/index.php\/cursos\/\">Cursos<\/a><\/h2>\t\t<\/div>\n\t\t\t\t<\/div>\n\t\t\t\t\t<\/div>\n\t\t<\/div>\n\t\t\t\t<div class=\"elementor-column elementor-col-25 elementor-top-column elementor-element elementor-element-419e4b8\" data-id=\"419e4b8\" data-element_type=\"column\">\n\t\t\t<div class=\"elementor-widget-wrap elementor-element-populated\">\n\t\t\t\t\t\t\t\t<div class=\"elementor-element elementor-element-a0db310 elementor-widget elementor-widget-heading\" data-id=\"a0db310\" data-element_type=\"widget\" data-widget_type=\"heading.default\">\n\t\t\t\t<div class=\"elementor-widget-container\">\n\t\t\t<h2 class=\"elementor-heading-title elementor-size-default\"><a href=\"https:\/\/lojaaconcheguinho.com.br\/enfermeiramichele\/index.php\/laserterapia\/\">Laserterapia<\/a><\/h2>\t\t<\/div>\n\t\t\t\t<\/div>\n\t\t\t\t\t<\/div>\n\t\t<\/div>\n\t\t\t\t<div class=\"elementor-column elementor-col-25 elementor-top-column elementor-element elementor-element-cca08e5\" data-id=\"cca08e5\" data-element_type=\"column\">\n\t\t\t<div class=\"elementor-widget-wrap elementor-element-populated\">\n\t\t\t\t\t\t\t\t<div class=\"elementor-element elementor-element-8485c9d elementor-widget elementor-widget-heading\" data-id=\"8485c9d\" data-element_type=\"widget\" data-widget_type=\"heading.default\">\n\t\t\t\t<div class=\"elementor-widget-container\">\n\t\t\t<h2 class=\"elementor-heading-title elementor-size-default\"><a href=\"https:\/\/lojaaconcheguinho.com.br\/enfermeiramichele\/index.php\/shantala\/\">Shantala<\/a><\/h2>\t\t<\/div>\n\t\t\t\t<\/div>\n\t\t\t\t\t<\/div>\n\t\t<\/div>\n\t\t\t\t\t\t\t<\/div>\n\t\t<\/section>\n\t\t\t\t<section class=\"elementor-section elementor-top-section elementor-element elementor-element-7543b512 elementor-section-boxed elementor-section-height-default elementor-section-height-default\" data-id=\"7543b512\" data-element_type=\"section\">\n\t\t\t\t\t\t<div class=\"elementor-container elementor-column-gap-default\">\n\t\t\t\t\t<div class=\"elementor-column elementor-col-100 elementor-top-column elementor-element elementor-element-3e4ce3ca\" data-id=\"3e4ce3ca\" data-element_type=\"column\">\n\t\t\t<div class=\"elementor-widget-wrap elementor-element-populated\">\n\t\t\t\t\t\t\t\t<div class=\"elementor-element elementor-element-6e771f57 elementor-widget elementor-widget-spacer\" data-id=\"6e771f57\" data-element_type=\"widget\" data-widget_type=\"spacer.default\">\n\t\t\t\t<div class=\"elementor-widget-container\">\n\t\t\t\t\t<div class=\"elementor-spacer\">\n\t\t\t<div class=\"elementor-spacer-inner\"><\/div>\n\t\t<\/div>\n\t\t\t\t<\/div>\n\t\t\t\t<\/div>\n\t\t\t\t\t<\/div>\n\t\t<\/div>\n\t\t\t\t\t\t\t<\/div>\n\t\t<\/section>\n\t\t\t\t<section class=\"elementor-section elementor-top-section elementor-element elementor-element-1bbe8d75 elementor-section-boxed elementor-section-height-default elementor-section-height-default\" data-id=\"1bbe8d75\" data-element_type=\"section\">\n\t\t\t\t\t\t<div class=\"elementor-container elementor-column-gap-default\">\n\t\t\t\t\t<div class=\"elementor-column elementor-col-16 elementor-top-column elementor-element elementor-element-4a3dba80\" data-id=\"4a3dba80\" data-element_type=\"column\">\n\t\t\t<div class=\"elementor-widget-wrap\">\n\t\t\t\t\t\t\t\t\t<\/div>\n\t\t<\/div>\n\t\t\t\t<div class=\"elementor-column elementor-col-66 elementor-top-column elementor-element elementor-element-43165f98\" data-id=\"43165f98\" data-element_type=\"column\">\n\t\t\t<div class=\"elementor-widget-wrap elementor-element-populated\">\n\t\t\t\t\t\t\t\t<div class=\"elementor-element elementor-element-a51345 elementor-widget elementor-widget-heading\" data-id=\"a51345\" data-element_type=\"widget\" data-widget_type=\"heading.default\">\n\t\t\t\t<div class=\"elementor-widget-container\">\n\t\t\t<h2 class=\"elementor-heading-title elementor-size-default\">Cursos<\/h2>\t\t<\/div>\n\t\t\t\t<\/div>\n\t\t\t\t\t<\/div>\n\t\t<\/div>\n\t\t\t\t<div class=\"elementor-column elementor-col-16 elementor-top-column elementor-element elementor-element-6793a3b\" data-id=\"6793a3b\" data-element_type=\"column\">\n\t\t\t<div class=\"elementor-widget-wrap\">\n\t\t\t\t\t\t\t\t\t<\/div>\n\t\t<\/div>\n\t\t\t\t\t\t\t<\/div>\n\t\t<\/section>\n\t\t\t\t<section class=\"elementor-section elementor-top-section elementor-element elementor-element-52bbba0c elementor-section-boxed elementor-section-height-default elementor-section-height-default\" data-id=\"52bbba0c\" data-element_type=\"section\">\n\t\t\t\t\t\t<div class=\"elementor-container elementor-column-gap-default\">\n\t\t\t\t\t<div class=\"elementor-column elementor-col-100 elementor-top-column elementor-element elementor-element-1124ea20\" data-id=\"1124ea20\" data-element_type=\"column\">\n\t\t\t<div class=\"elementor-widget-wrap elementor-element-populated\">\n\t\t\t\t\t\t\t\t<div class=\"elementor-element elementor-element-475d2053 elementor-widget elementor-widget-spacer\" data-id=\"475d2053\" data-element_type=\"widget\" data-widget_type=\"spacer.default\">\n\t\t\t\t<div class=\"elementor-widget-container\">\n\t\t\t\t\t<div class=\"elementor-spacer\">\n\t\t\t<div class=\"elementor-spacer-inner\"><\/div>\n\t\t<\/div>\n\t\t\t\t<\/div>\n\t\t\t\t<\/div>\n\t\t\t\t\t<\/div>\n\t\t<\/div>\n\t\t\t\t\t\t\t<\/div>\n\t\t<\/section>\n\t\t\t\t<section class=\"elementor-section elementor-top-section elementor-element elementor-element-4f1c71f8 elementor-section-boxed elementor-section-height-default elementor-section-height-default\" data-id=\"4f1c71f8\" data-element_type=\"section\">\n\t\t\t\t\t\t<div class=\"elementor-container elementor-column-gap-default\">\n\t\t\t\t\t<div class=\"elementor-column elementor-col-16 elementor-top-column elementor-element elementor-element-28fc24aa\" data-id=\"28fc24aa\" data-element_type=\"column\">\n\t\t\t<div class=\"elementor-widget-wrap\">\n\t\t\t\t\t\t\t\t\t<\/div>\n\t\t<\/div>\n\t\t\t\t<div class=\"elementor-column elementor-col-66 elementor-top-column elementor-element elementor-element-552e6eb5\" data-id=\"552e6eb5\" data-element_type=\"column\">\n\t\t\t<div class=\"elementor-widget-wrap elementor-element-populated\">\n\t\t\t\t\t\t\t\t<div class=\"elementor-element elementor-element-54dabc16 elementor-widget elementor-widget-heading\" data-id=\"54dabc16\" data-element_type=\"widget\" data-widget_type=\"heading.default\">\n\t\t\t\t<div class=\"elementor-widget-container\">\n\t\t\t<h2 class=\"elementor-heading-title elementor-size-default\">Preparando para o encontro<\/h2>\t\t<\/div>\n\t\t\t\t<\/div>\n\t\t\t\t<div class=\"elementor-element elementor-element-e3d95fe elementor-widget elementor-widget-text-editor\" data-id=\"e3d95fe\" data-element_type=\"widget\" data-widget_type=\"text-editor.default\">\n\t\t\t\t<div class=\"elementor-widget-container\">\n\t\t\t\t\t\t\t\t<p>O curso tem o objetivo de esclarecer as d\u00favidas de mam\u00e3es e papais sobre banho, higiene do coto umbilical, Shantala, amamenta\u00e7\u00e3o, al\u00edvio de c\u00f3licas e puerp\u00e9rio. Atendimento no bairro Passo D\u2019Areia, em Porto Alegre, com dura\u00e7\u00e3o de 3 horas.<\/p>\t\t\t\t\t\t<\/div>\n\t\t\t\t<\/div>\n\t\t\t\t<div class=\"elementor-element elementor-element-197f5eac elementor-widget-divider--view-line elementor-widget elementor-widget-divider\" data-id=\"197f5eac\" data-element_type=\"widget\" data-widget_type=\"divider.default\">\n\t\t\t\t<div class=\"elementor-widget-container\">\n\t\t\t\t\t<div class=\"elementor-divider\">\n\t\t\t<span class=\"elementor-divider-separator\">\n\t\t\t\t\t\t<\/span>\n\t\t<\/div>\n\t\t\t\t<\/div>\n\t\t\t\t<\/div>\n\t\t\t\t<div class=\"elementor-element elementor-element-524c6a3d elementor-widget elementor-widget-heading\" data-id=\"524c6a3d\" data-element_type=\"widget\" data-widget_type=\"heading.default\">\n\t\t\t\t<div class=\"elementor-widget-container\">\n\t\t\t<h2 class=\"elementor-heading-title elementor-size-default\">Preven\u00e7\u00e3o de acidentes e primeiros socorros<\/h2>\t\t<\/div>\n\t\t\t\t<\/div>\n\t\t\t\t<div class=\"elementor-element elementor-element-611e4764 elementor-widget elementor-widget-text-editor\" data-id=\"611e4764\" data-element_type=\"widget\" data-widget_type=\"text-editor.default\">\n\t\t\t\t<div class=\"elementor-widget-container\">\n\t\t\t\t\t\t\t\t<p>O curso \u00e9 te\u00f3rico-pr\u00e1tico sobre acidentes mais comuns na inf\u00e2ncia, com simula\u00e7\u00f5es dos primeiros socorros. O objetivo \u00e9 instrumentalizar familiares e profissionais que trabalham com crian\u00e7as para prevenir acidentes e, em caso de necessidade, saber agir com seguran\u00e7a.<\/p>\t\t\t\t\t\t<\/div>\n\t\t\t\t<\/div>\n\t\t\t\t<div class=\"elementor-element elementor-element-20c26023 elementor-widget-divider--view-line elementor-widget elementor-widget-divider\" data-id=\"20c26023\" data-element_type=\"widget\" data-widget_type=\"divider.default\">\n\t\t\t\t<div class=\"elementor-widget-container\">\n\t\t\t\t\t<div class=\"elementor-divider\">\n\t\t\t<span class=\"elementor-divider-separator\">\n\t\t\t\t\t\t<\/span>\n\t\t<\/div>\n\t\t\t\t<\/div>\n\t\t\t\t<\/div>\n\t\t\t\t<div class=\"elementor-element elementor-element-9dfd072 elementor-widget elementor-widget-image\" data-id=\"9dfd072\" data-element_type=\"widget\" data-widget_type=\"image.default\">\n\t\t\t\t<div class=\"elementor-widget-container\">\n\t\t\t\t\t\t\t\t\t\t\t\t\t\t\t<img width=\"600\" height=\"400\" src=\"https:\/\/lojaaconcheguinho.com.br\/enfermeiramichele\/wp-content\/uploads\/2022\/05\/00_cursos.jpg\" class=\"attachment-large size-large\" alt=\"\" loading=\"lazy\" srcset=\"https:\/\/lojaaconcheguinho.com.br\/enfermeiramichele\/wp-content\/uploads\/2022\/05\/00_cursos.jpg 600w, https:\/\/lojaaconcheguinho.com.br\/enfermeiramichele\/wp-content\/uploads\/2022\/05\/00_cursos-300x200.jpg 300w\" sizes=\"(max-width: 600px) 100vw, 600px\" \/>\t\t\t\t\t\t\t\t\t\t\t\t\t\t\t<\/div>\n\t\t\t\t<\/div>\n\t\t\t\t<div class=\"elementor-element elementor-element-089eecb elementor-widget elementor-widget-heading\" data-id=\"089eecb\" data-element_type=\"widget\" data-widget_type=\"heading.default\">\n\t\t\t\t<div class=\"elementor-widget-container\">\n\t\t\t<h2 class=\"elementor-heading-title elementor-size-default\">Qualifica\u00e7\u00e3o para educador infantil e para bab\u00e1s<\/h2>\t\t<\/div>\n\t\t\t\t<\/div>\n\t\t\t\t<div class=\"elementor-element elementor-element-c6801d5 elementor-widget elementor-widget-text-editor\" data-id=\"c6801d5\" data-element_type=\"widget\" data-widget_type=\"text-editor.default\">\n\t\t\t\t<div class=\"elementor-widget-container\">\n\t\t\t\t\t\t\t\t<p>Curso em parceria com a equipe multidisciplinar, formada por Nutricionista e Psic\u00f3logo, abordando: <br \/>&#8211; \u00c9tica e postura profissional.<br \/>&#8211; Desenvolvimento infantil e a import\u00e2ncia de brincar.<br \/>&#8211; Introdu\u00e7\u00e3o alimentar.<br \/>&#8211; Cuidados com higiene.<br \/>&#8211; Conforto desde rec\u00e9m-nascido at\u00e9 3 anos.<br \/>&#8211; Preven\u00e7\u00e3o de acidentes e primeiros socorros.<br \/>&#8211; Cuidados de acordo com as fases do desenvolvimento e as necessidades da crian\u00e7a.<br \/>O curso pode ser contratado pela fam\u00edlia sendo personalizado conforme a necessidade. Inclusive adequando em caso de crian\u00e7as com necessidades especiais.<\/p>\t\t\t\t\t\t<\/div>\n\t\t\t\t<\/div>\n\t\t\t\t<div class=\"elementor-element elementor-element-2dfdc4f elementor-widget-divider--view-line elementor-widget elementor-widget-divider\" data-id=\"2dfdc4f\" data-element_type=\"widget\" data-widget_type=\"divider.default\">\n\t\t\t\t<div class=\"elementor-widget-container\">\n\t\t\t\t\t<div class=\"elementor-divider\">\n\t\t\t<span class=\"elementor-divider-separator\">\n\t\t\t\t\t\t<\/span>\n\t\t<\/div>\n\t\t\t\t<\/div>\n\t\t\t\t<\/div>\n\t\t\t\t<div class=\"elementor-element elementor-element-583355c elementor-widget elementor-widget-heading\" data-id=\"583355c\" data-element_type=\"widget\" data-widget_type=\"heading.default\">\n\t\t\t\t<div class=\"elementor-widget-container\">\n\t\t\t<h2 class=\"elementor-heading-title elementor-size-default\">Preparando para o parto<\/h2>\t\t<\/div>\n\t\t\t\t<\/div>\n\t\t\t\t<div class=\"elementor-element elementor-element-4510734 elementor-widget elementor-widget-text-editor\" data-id=\"4510734\" data-element_type=\"widget\" data-widget_type=\"text-editor.default\">\n\t\t\t\t<div class=\"elementor-widget-container\">\n\t\t\t\t\t\t\t\t<p>O curso tem o objetivo de preparar o casal para o trabalho de parto. A orienta\u00e7\u00e3o especializada \u00e9 muito importante para garantir a seguran\u00e7a na identifica\u00e7\u00e3o dos sinais de in\u00edcio do trabalho de parto, incluindo o que fazer para aliviar a dor. O acompanhante tamb\u00e9m estar\u00e1 preparado para saber o que fazer durante o trabalho de parto para contribuir neste momento.<\/p>\t\t\t\t\t\t<\/div>\n\t\t\t\t<\/div>\n\t\t\t\t\t<\/div>\n\t\t<\/div>\n\t\t\t\t<div class=\"elementor-column elementor-col-16 elementor-top-column elementor-element elementor-element-7c0058cf\" data-id=\"7c0058cf\" data-element_type=\"column\">\n\t\t\t<div class=\"elementor-widget-wrap\">\n\t\t\t\t\t\t\t\t\t<\/div>\n\t\t<\/div>\n\t\t\t\t\t\t\t<\/div>\n\t\t<\/section>\n\t\t\t\t<section class=\"elementor-section elementor-top-section elementor-element elementor-element-5345f927 elementor-section-boxed elementor-section-height-default elementor-section-height-default\" data-id=\"5345f927\" data-element_type=\"section\">\n\t\t\t\t\t\t<div class=\"elementor-container elementor-column-gap-default\">\n\t\t\t\t\t<div class=\"elementor-column elementor-col-100 elementor-top-column elementor-element elementor-element-4b247c92\" data-id=\"4b247c92\" data-element_type=\"column\">\n\t\t\t<div class=\"elementor-widget-wrap elementor-element-populated\">\n\t\t\t\t\t\t\t\t<div class=\"elementor-element elementor-element-14756cc0 elementor-widget elementor-widget-spacer\" data-id=\"14756cc0\" data-element_type=\"widget\" data-widget_type=\"spacer.default\">\n\t\t\t\t<div class=\"elementor-widget-container\">\n\t\t\t\t\t<div class=\"elementor-spacer\">\n\t\t\t<div class=\"elementor-spacer-inner\"><\/div>\n\t\t<\/div>\n\t\t\t\t<\/div>\n\t\t\t\t<\/div>\n\t\t\t\t\t<\/div>\n\t\t<\/div>\n\t\t\t\t\t\t\t<\/div>\n\t\t<\/section>\n\t\t\t\t<section class=\"elementor-section elementor-top-section elementor-element elementor-element-7af3fe2 elementor-section-full_width elementor-section-content-middle elementor-section-height-default elementor-section-height-default\" data-id=\"7af3fe2\" data-element_type=\"section\" data-settings=\"{&quot;background_background&quot;:&quot;classic&quot;}\">\n\t\t\t\t\t\t<div class=\"elementor-container elementor-column-gap-default\">\n\t\t\t\t\t<div class=\"elementor-column elementor-col-50 elementor-top-column elementor-element elementor-element-20acd52\" data-id=\"20acd52\" data-element_type=\"column\">\n\t\t\t<div class=\"elementor-widget-wrap elementor-element-populated\">\n\t\t\t\t\t\t\t\t<div class=\"elementor-element elementor-element-334010d elementor-widget elementor-widget-image\" data-id=\"334010d\" data-element_type=\"widget\" data-widget_type=\"image.default\">\n\t\t\t\t<div class=\"elementor-widget-container\">\n\t\t\t\t\t\t\t\t\t\t\t\t\t\t\t\t<a href=\"https:\/\/lojaaconcheguinho.com.br\/enfermeiramichele\/\">\n\t\t\t\t\t\t\t<img width=\"1024\" height=\"140\" src=\"https:\/\/lojaaconcheguinho.com.br\/enfermeiramichele\/wp-content\/uploads\/2022\/05\/logo_michele-1024x140.png\" class=\"attachment-large size-large\" alt=\"\" loading=\"lazy\" srcset=\"https:\/\/lojaaconcheguinho.com.br\/enfermeiramichele\/wp-content\/uploads\/2022\/05\/logo_michele-1024x140.png 1024w, https:\/\/lojaaconcheguinho.com.br\/enfermeiramichele\/wp-content\/uploads\/2022\/05\/logo_michele-300x41.png 300w, https:\/\/lojaaconcheguinho.com.br\/enfermeiramichele\/wp-content\/uploads\/2022\/05\/logo_michele-768x105.png 768w, https:\/\/lojaaconcheguinho.com.br\/enfermeiramichele\/wp-content\/uploads\/2022\/05\/logo_michele-1536x211.png 1536w, https:\/\/lojaaconcheguinho.com.br\/enfermeiramichele\/wp-content\/uploads\/2022\/05\/logo_michele.png 1634w\" sizes=\"(max-width: 1024px) 100vw, 1024px\" \/>\t\t\t\t\t\t\t\t<\/a>\n\t\t\t\t\t\t\t\t\t\t\t\t\t\t\t<\/div>\n\t\t\t\t<\/div>\n\t\t\t\t\t<\/div>\n\t\t<\/div>\n\t\t\t\t<div class=\"elementor-column elementor-col-50 elementor-top-column elementor-element elementor-element-693794f\" data-id=\"693794f\" data-element_type=\"column\">\n\t\t\t<div class=\"elementor-widget-wrap elementor-element-populated\">\n\t\t\t\t\t\t\t\t<div class=\"elementor-element elementor-element-5547941 elementor-widget elementor-widget-heading\" data-id=\"5547941\" data-element_type=\"widget\" data-widget_type=\"heading.default\">\n\t\t\t\t<div class=\"elementor-widget-container\">\n\t\t\t<h2 class=\"elementor-heading-title elementor-size-default\"><a href=\"http:\/\/calettiassessoria.com.br\/\">2022 | Direitos Reservados | www.calettiassessoria.com.br<\/a><\/h2>\t\t<\/div>\n\t\t\t\t<\/div>\n\t\t\t\t\t<\/div>\n\t\t<\/div>\n\t\t\t\t\t\t\t<\/div>\n\t\t<\/section>\n\t\t\t\t\t\t<\/div>\n\t\t\t\t\t<\/div>\n\t\t","protected":false},"excerpt":{"rendered":"<p>Facebook Instagram Whatsapp Consultoria Cursos Laserterapia Shantala Cursos Preparando para o encontro O curso tem o objetivo de esclarecer as d\u00favidas de mam\u00e3es e papais sobre banho, higiene do coto umbilical, Shantala, amamenta\u00e7\u00e3o, al\u00edvio de c\u00f3licas e puerp\u00e9rio. Atendimento no bairro Passo D\u2019Areia, em Porto Alegre, com dura\u00e7\u00e3o de 3 horas. Preven\u00e7\u00e3o de acidentes e&#8230;<\/p>\n","protected":false},"author":1,"featured_media":0,"parent":0,"menu_order":0,"comment_status":"closed","ping_status":"closed","template":"elementor_canvas","meta":{"_monsterinsights_skip_tracking":false,"_monsterinsights_sitenote_active":false,"_monsterinsights_sitenote_note":"","_monsterinsights_sitenote_category":0,"_kad_post_transparent":"","_kad_post_title":"hide","_kad_post_layout":"fullwidth","_kad_post_sidebar_id":"","_kad_post_content_style":"unboxed","_kad_post_vertical_padding":"hide","_kad_post_feature":"hide","_kad_post_feature_position":"","_kad_post_header":false,"_kad_post_footer":false},"_links":{"self":[{"href":"https:\/\/lojaaconcheguinho.com.br\/enfermeiramichele\/index.php\/wp-json\/wp\/v2\/pages\/1399"}],"collection":[{"href":"https:\/\/lojaaconcheguinho.com.br\/enfermeiramichele\/index.php\/wp-json\/wp\/v2\/pages"}],"about":[{"href":"https:\/\/lojaaconcheguinho.com.br\/enfermeiramichele\/index.php\/wp-json\/wp\/v2\/types\/page"}],"author":[{"embeddable":true,"href":"https:\/\/lojaaconcheguinho.com.br\/enfermeiramichele\/index.php\/wp-json\/wp\/v2\/users\/1"}],"replies":[{"embeddable":true,"href":"https:\/\/lojaaconcheguinho.com.br\/enfermeiramichele\/index.php\/wp-json\/wp\/v2\/comments?post=1399"}],"version-history":[{"count":13,"href":"https:\/\/lojaaconcheguinho.com.br\/enfermeiramichele\/index.php\/wp-json\/wp\/v2\/pages\/1399\/revisions"}],"predecessor-version":[{"id":1450,"href":"https:\/\/lojaaconcheguinho.com.br\/enfermeiramichele\/index.php\/wp-json\/wp\/v2\/pages\/1399\/revisions\/1450"}],"wp:attachment":[{"href":"https:\/\/lojaaconcheguinho.com.br\/enfermeiramichele\/index.php\/wp-json\/wp\/v2\/media?parent=1399"}],"curies":[{"name":"wp","href":"https:\/\/api.w.org\/{rel}","templated":true}]}}