{"id":1412,"date":"2022-05-26T14:33:41","date_gmt":"2022-05-26T14:33:41","guid":{"rendered":"https:\/\/lojaaconcheguinho.com.br\/enfermeiramichele\/?page_id=1412"},"modified":"2022-05-26T18:13:14","modified_gmt":"2022-05-26T18:13:14","slug":"shantala","status":"publish","type":"page","link":"https:\/\/lojaaconcheguinho.com.br\/enfermeiramichele\/index.php\/shantala\/","title":{"rendered":"Shantala"},"content":{"rendered":"\t\t<div data-elementor-type=\"wp-page\" data-elementor-id=\"1412\" class=\"elementor elementor-1412\" data-elementor-settings=\"[]\">\n\t\t\t\t\t\t\t<div class=\"elementor-section-wrap\">\n\t\t\t\t\t\t\t<section class=\"elementor-section elementor-top-section elementor-element elementor-element-21a56202 elementor-section-full_width elementor-section-content-middle elementor-section-height-default elementor-section-height-default\" data-id=\"21a56202\" data-element_type=\"section\" data-settings=\"{&quot;background_background&quot;:&quot;classic&quot;}\">\n\t\t\t\t\t\t<div class=\"elementor-container elementor-column-gap-default\">\n\t\t\t\t\t<div class=\"elementor-column elementor-col-50 elementor-top-column elementor-element elementor-element-1c3feaa1\" data-id=\"1c3feaa1\" data-element_type=\"column\">\n\t\t\t<div class=\"elementor-widget-wrap elementor-element-populated\">\n\t\t\t\t\t\t\t\t<div class=\"elementor-element elementor-element-1d3dcbca elementor-widget elementor-widget-image\" data-id=\"1d3dcbca\" data-element_type=\"widget\" data-widget_type=\"image.default\">\n\t\t\t\t<div class=\"elementor-widget-container\">\n\t\t\t\t\t\t\t\t\t\t\t\t\t\t\t\t<a href=\"https:\/\/lojaaconcheguinho.com.br\/enfermeiramichele\/\">\n\t\t\t\t\t\t\t<img width=\"1024\" height=\"140\" src=\"https:\/\/lojaaconcheguinho.com.br\/enfermeiramichele\/wp-content\/uploads\/2022\/05\/logo_michele-1024x140.png\" class=\"attachment-large size-large\" alt=\"\" loading=\"lazy\" srcset=\"https:\/\/lojaaconcheguinho.com.br\/enfermeiramichele\/wp-content\/uploads\/2022\/05\/logo_michele-1024x140.png 1024w, https:\/\/lojaaconcheguinho.com.br\/enfermeiramichele\/wp-content\/uploads\/2022\/05\/logo_michele-300x41.png 300w, https:\/\/lojaaconcheguinho.com.br\/enfermeiramichele\/wp-content\/uploads\/2022\/05\/logo_michele-768x105.png 768w, https:\/\/lojaaconcheguinho.com.br\/enfermeiramichele\/wp-content\/uploads\/2022\/05\/logo_michele-1536x211.png 1536w, https:\/\/lojaaconcheguinho.com.br\/enfermeiramichele\/wp-content\/uploads\/2022\/05\/logo_michele.png 1634w\" sizes=\"(max-width: 1024px) 100vw, 1024px\" \/>\t\t\t\t\t\t\t\t<\/a>\n\t\t\t\t\t\t\t\t\t\t\t\t\t\t\t<\/div>\n\t\t\t\t<\/div>\n\t\t\t\t\t<\/div>\n\t\t<\/div>\n\t\t\t\t<div class=\"elementor-column elementor-col-50 elementor-top-column elementor-element elementor-element-590fc02f\" data-id=\"590fc02f\" data-element_type=\"column\">\n\t\t\t<div class=\"elementor-widget-wrap elementor-element-populated\">\n\t\t\t\t\t\t\t\t<div class=\"elementor-element elementor-element-1ec1c80d elementor-shape-circle e-grid-align-right elementor-grid-0 elementor-widget elementor-widget-social-icons\" data-id=\"1ec1c80d\" data-element_type=\"widget\" data-widget_type=\"social-icons.default\">\n\t\t\t\t<div class=\"elementor-widget-container\">\n\t\t\t\t\t<div class=\"elementor-social-icons-wrapper elementor-grid\">\n\t\t\t\t\t\t\t<span class=\"elementor-grid-item\">\n\t\t\t\t\t<a class=\"elementor-icon elementor-social-icon elementor-social-icon-facebook elementor-repeater-item-0e8bd5b\" href=\"https:\/\/www.facebook.com\/lojaaconcheguinho\/\" target=\"_blank\">\n\t\t\t\t\t\t<span class=\"elementor-screen-only\">Facebook<\/span>\n\t\t\t\t\t\t<i class=\"fab fa-facebook\"><\/i>\t\t\t\t\t<\/a>\n\t\t\t\t<\/span>\n\t\t\t\t\t\t\t<span class=\"elementor-grid-item\">\n\t\t\t\t\t<a class=\"elementor-icon elementor-social-icon elementor-social-icon-instagram elementor-repeater-item-8d3e263\" href=\"https:\/\/www.instagram.com\/enfmicheleferreira\/\" target=\"_blank\">\n\t\t\t\t\t\t<span class=\"elementor-screen-only\">Instagram<\/span>\n\t\t\t\t\t\t<i class=\"fab fa-instagram\"><\/i>\t\t\t\t\t<\/a>\n\t\t\t\t<\/span>\n\t\t\t\t\t\t\t<span class=\"elementor-grid-item\">\n\t\t\t\t\t<a class=\"elementor-icon elementor-social-icon elementor-social-icon-whatsapp elementor-repeater-item-912ce12\" href=\"https:\/\/api.whatsapp.com\/send?phone=5551984056323\" target=\"_blank\">\n\t\t\t\t\t\t<span class=\"elementor-screen-only\">Whatsapp<\/span>\n\t\t\t\t\t\t<i class=\"fab fa-whatsapp\"><\/i>\t\t\t\t\t<\/a>\n\t\t\t\t<\/span>\n\t\t\t\t\t<\/div>\n\t\t\t\t<\/div>\n\t\t\t\t<\/div>\n\t\t\t\t\t<\/div>\n\t\t<\/div>\n\t\t\t\t\t\t\t<\/div>\n\t\t<\/section>\n\t\t\t\t<section class=\"elementor-section elementor-top-section elementor-element elementor-element-2ff111fe elementor-section-boxed elementor-section-height-default elementor-section-height-default\" data-id=\"2ff111fe\" data-element_type=\"section\">\n\t\t\t\t\t\t<div class=\"elementor-container elementor-column-gap-default\">\n\t\t\t\t\t<div class=\"elementor-column elementor-col-100 elementor-top-column elementor-element elementor-element-ef70056\" data-id=\"ef70056\" data-element_type=\"column\">\n\t\t\t<div class=\"elementor-widget-wrap elementor-element-populated\">\n\t\t\t\t\t\t\t\t<div class=\"elementor-element elementor-element-6f506184 elementor-widget elementor-widget-spacer\" data-id=\"6f506184\" data-element_type=\"widget\" data-widget_type=\"spacer.default\">\n\t\t\t\t<div class=\"elementor-widget-container\">\n\t\t\t\t\t<div class=\"elementor-spacer\">\n\t\t\t<div class=\"elementor-spacer-inner\"><\/div>\n\t\t<\/div>\n\t\t\t\t<\/div>\n\t\t\t\t<\/div>\n\t\t\t\t\t<\/div>\n\t\t<\/div>\n\t\t\t\t\t\t\t<\/div>\n\t\t<\/section>\n\t\t\t\t<section class=\"elementor-section elementor-top-section elementor-element elementor-element-7cd5f88a elementor-section-boxed elementor-section-height-default elementor-section-height-default\" data-id=\"7cd5f88a\" data-element_type=\"section\">\n\t\t\t\t\t\t<div class=\"elementor-container elementor-column-gap-default\">\n\t\t\t\t\t<div class=\"elementor-column elementor-col-25 elementor-top-column elementor-element elementor-element-4d0bb0bf\" data-id=\"4d0bb0bf\" data-element_type=\"column\">\n\t\t\t<div class=\"elementor-widget-wrap elementor-element-populated\">\n\t\t\t\t\t\t\t\t<div class=\"elementor-element elementor-element-13975d2c elementor-widget elementor-widget-heading\" data-id=\"13975d2c\" data-element_type=\"widget\" data-widget_type=\"heading.default\">\n\t\t\t\t<div class=\"elementor-widget-container\">\n\t\t\t<h2 class=\"elementor-heading-title elementor-size-default\"><a href=\"https:\/\/lojaaconcheguinho.com.br\/enfermeiramichele\/index.php\/consultoria\/\">Consultoria<\/a><\/h2>\t\t<\/div>\n\t\t\t\t<\/div>\n\t\t\t\t\t<\/div>\n\t\t<\/div>\n\t\t\t\t<div class=\"elementor-column elementor-col-25 elementor-top-column elementor-element elementor-element-77f9bb48\" data-id=\"77f9bb48\" data-element_type=\"column\">\n\t\t\t<div class=\"elementor-widget-wrap elementor-element-populated\">\n\t\t\t\t\t\t\t\t<div class=\"elementor-element elementor-element-726a437a elementor-widget elementor-widget-heading\" data-id=\"726a437a\" data-element_type=\"widget\" data-widget_type=\"heading.default\">\n\t\t\t\t<div class=\"elementor-widget-container\">\n\t\t\t<h2 class=\"elementor-heading-title elementor-size-default\"><a href=\"https:\/\/lojaaconcheguinho.com.br\/enfermeiramichele\/index.php\/cursos\/\">Cursos<\/a><\/h2>\t\t<\/div>\n\t\t\t\t<\/div>\n\t\t\t\t\t<\/div>\n\t\t<\/div>\n\t\t\t\t<div class=\"elementor-column elementor-col-25 elementor-top-column elementor-element elementor-element-dd1088f\" data-id=\"dd1088f\" data-element_type=\"column\">\n\t\t\t<div class=\"elementor-widget-wrap elementor-element-populated\">\n\t\t\t\t\t\t\t\t<div class=\"elementor-element elementor-element-6092409c elementor-widget elementor-widget-heading\" data-id=\"6092409c\" data-element_type=\"widget\" data-widget_type=\"heading.default\">\n\t\t\t\t<div class=\"elementor-widget-container\">\n\t\t\t<h2 class=\"elementor-heading-title elementor-size-default\"><a href=\"https:\/\/lojaaconcheguinho.com.br\/enfermeiramichele\/index.php\/laserterapia\/\">Laserterapia<\/a><\/h2>\t\t<\/div>\n\t\t\t\t<\/div>\n\t\t\t\t\t<\/div>\n\t\t<\/div>\n\t\t\t\t<div class=\"elementor-column elementor-col-25 elementor-top-column elementor-element elementor-element-21dee718\" data-id=\"21dee718\" data-element_type=\"column\">\n\t\t\t<div class=\"elementor-widget-wrap elementor-element-populated\">\n\t\t\t\t\t\t\t\t<div class=\"elementor-element elementor-element-7996e0bf elementor-widget elementor-widget-heading\" data-id=\"7996e0bf\" data-element_type=\"widget\" data-widget_type=\"heading.default\">\n\t\t\t\t<div class=\"elementor-widget-container\">\n\t\t\t<h2 class=\"elementor-heading-title elementor-size-default\"><a href=\"https:\/\/lojaaconcheguinho.com.br\/enfermeiramichele\/index.php\/shantala\/\">Shantala<\/a><\/h2>\t\t<\/div>\n\t\t\t\t<\/div>\n\t\t\t\t\t<\/div>\n\t\t<\/div>\n\t\t\t\t\t\t\t<\/div>\n\t\t<\/section>\n\t\t\t\t<section class=\"elementor-section elementor-top-section elementor-element elementor-element-770ddc1c elementor-section-boxed elementor-section-height-default elementor-section-height-default\" data-id=\"770ddc1c\" data-element_type=\"section\">\n\t\t\t\t\t\t<div class=\"elementor-container elementor-column-gap-default\">\n\t\t\t\t\t<div class=\"elementor-column elementor-col-100 elementor-top-column elementor-element elementor-element-4aa75870\" data-id=\"4aa75870\" data-element_type=\"column\">\n\t\t\t<div class=\"elementor-widget-wrap elementor-element-populated\">\n\t\t\t\t\t\t\t\t<div class=\"elementor-element elementor-element-41494dfc elementor-widget elementor-widget-spacer\" data-id=\"41494dfc\" data-element_type=\"widget\" data-widget_type=\"spacer.default\">\n\t\t\t\t<div class=\"elementor-widget-container\">\n\t\t\t\t\t<div class=\"elementor-spacer\">\n\t\t\t<div class=\"elementor-spacer-inner\"><\/div>\n\t\t<\/div>\n\t\t\t\t<\/div>\n\t\t\t\t<\/div>\n\t\t\t\t\t<\/div>\n\t\t<\/div>\n\t\t\t\t\t\t\t<\/div>\n\t\t<\/section>\n\t\t\t\t<section class=\"elementor-section elementor-top-section elementor-element elementor-element-4ca9f06b elementor-section-boxed elementor-section-height-default elementor-section-height-default\" data-id=\"4ca9f06b\" data-element_type=\"section\">\n\t\t\t\t\t\t<div class=\"elementor-container elementor-column-gap-default\">\n\t\t\t\t\t<div class=\"elementor-column elementor-col-16 elementor-top-column elementor-element elementor-element-67766b92\" data-id=\"67766b92\" data-element_type=\"column\">\n\t\t\t<div class=\"elementor-widget-wrap\">\n\t\t\t\t\t\t\t\t\t<\/div>\n\t\t<\/div>\n\t\t\t\t<div class=\"elementor-column elementor-col-66 elementor-top-column elementor-element elementor-element-40e90c2c\" data-id=\"40e90c2c\" data-element_type=\"column\">\n\t\t\t<div class=\"elementor-widget-wrap elementor-element-populated\">\n\t\t\t\t\t\t\t\t<div class=\"elementor-element elementor-element-b487534 elementor-widget elementor-widget-heading\" data-id=\"b487534\" data-element_type=\"widget\" data-widget_type=\"heading.default\">\n\t\t\t\t<div class=\"elementor-widget-container\">\n\t\t\t<h2 class=\"elementor-heading-title elementor-size-default\">Shantala<\/h2>\t\t<\/div>\n\t\t\t\t<\/div>\n\t\t\t\t\t<\/div>\n\t\t<\/div>\n\t\t\t\t<div class=\"elementor-column elementor-col-16 elementor-top-column elementor-element elementor-element-3194c756\" data-id=\"3194c756\" data-element_type=\"column\">\n\t\t\t<div class=\"elementor-widget-wrap\">\n\t\t\t\t\t\t\t\t\t<\/div>\n\t\t<\/div>\n\t\t\t\t\t\t\t<\/div>\n\t\t<\/section>\n\t\t\t\t<section class=\"elementor-section elementor-top-section elementor-element elementor-element-63b8d220 elementor-section-boxed elementor-section-height-default elementor-section-height-default\" data-id=\"63b8d220\" data-element_type=\"section\">\n\t\t\t\t\t\t<div class=\"elementor-container elementor-column-gap-default\">\n\t\t\t\t\t<div class=\"elementor-column elementor-col-100 elementor-top-column elementor-element elementor-element-3a4d6252\" data-id=\"3a4d6252\" data-element_type=\"column\">\n\t\t\t<div class=\"elementor-widget-wrap elementor-element-populated\">\n\t\t\t\t\t\t\t\t<div class=\"elementor-element elementor-element-71e2bf14 elementor-widget elementor-widget-spacer\" data-id=\"71e2bf14\" data-element_type=\"widget\" data-widget_type=\"spacer.default\">\n\t\t\t\t<div class=\"elementor-widget-container\">\n\t\t\t\t\t<div class=\"elementor-spacer\">\n\t\t\t<div class=\"elementor-spacer-inner\"><\/div>\n\t\t<\/div>\n\t\t\t\t<\/div>\n\t\t\t\t<\/div>\n\t\t\t\t\t<\/div>\n\t\t<\/div>\n\t\t\t\t\t\t\t<\/div>\n\t\t<\/section>\n\t\t\t\t<section class=\"elementor-section elementor-top-section elementor-element elementor-element-285e26ee elementor-section-boxed elementor-section-height-default elementor-section-height-default\" data-id=\"285e26ee\" data-element_type=\"section\">\n\t\t\t\t\t\t<div class=\"elementor-container elementor-column-gap-default\">\n\t\t\t\t\t<div class=\"elementor-column elementor-col-16 elementor-top-column elementor-element elementor-element-5b2c2677\" data-id=\"5b2c2677\" data-element_type=\"column\">\n\t\t\t<div class=\"elementor-widget-wrap\">\n\t\t\t\t\t\t\t\t\t<\/div>\n\t\t<\/div>\n\t\t\t\t<div class=\"elementor-column elementor-col-66 elementor-top-column elementor-element elementor-element-25991f08\" data-id=\"25991f08\" data-element_type=\"column\">\n\t\t\t<div class=\"elementor-widget-wrap elementor-element-populated\">\n\t\t\t\t\t\t\t\t<div class=\"elementor-element elementor-element-1e6d8da5 elementor-widget elementor-widget-heading\" data-id=\"1e6d8da5\" data-element_type=\"widget\" data-widget_type=\"heading.default\">\n\t\t\t\t<div class=\"elementor-widget-container\">\n\t\t\t<h2 class=\"elementor-heading-title elementor-size-default\">Oficina online de Shantala<\/h2>\t\t<\/div>\n\t\t\t\t<\/div>\n\t\t\t\t<div class=\"elementor-element elementor-element-76de895f elementor-widget elementor-widget-text-editor\" data-id=\"76de895f\" data-element_type=\"widget\" data-widget_type=\"text-editor.default\">\n\t\t\t\t<div class=\"elementor-widget-container\">\n\t\t\t\t\t\t\t\t<p>Voltada para as mam\u00e3es que querem aprender a massagear seu beb\u00ea, a Oficina de Shantala &#8211; antes realizada de forma presencial &#8211; foi adaptada para que voc\u00ea n\u00e3o precise sair de casa. A Oficina de Shantala online traz orienta\u00e7\u00f5es sobre prepara\u00e7\u00e3o do local, cuidados com o beb\u00ea, passo a passo da t\u00e9cnica, benef\u00edcios da massagem, indica\u00e7\u00f5es e contraindica\u00e7\u00f5es. Ap\u00f3s adquirir a oficina voc\u00ea poder\u00e1 realizar a massagem seguindo o passo a passo demonstrado no v\u00eddeo, com a comodidade de ser quando e onde quiser.<\/p>\t\t\t\t\t\t<\/div>\n\t\t\t\t<\/div>\n\t\t\t\t<div class=\"elementor-element elementor-element-191429e elementor-widget elementor-widget-image\" data-id=\"191429e\" data-element_type=\"widget\" data-widget_type=\"image.default\">\n\t\t\t\t<div class=\"elementor-widget-container\">\n\t\t\t\t\t\t\t\t\t\t\t\t\t\t\t<img width=\"600\" height=\"400\" src=\"https:\/\/lojaaconcheguinho.com.br\/enfermeiramichele\/wp-content\/uploads\/2022\/05\/00_shantala.jpg\" class=\"attachment-large size-large\" alt=\"\" loading=\"lazy\" srcset=\"https:\/\/lojaaconcheguinho.com.br\/enfermeiramichele\/wp-content\/uploads\/2022\/05\/00_shantala.jpg 600w, https:\/\/lojaaconcheguinho.com.br\/enfermeiramichele\/wp-content\/uploads\/2022\/05\/00_shantala-300x200.jpg 300w\" sizes=\"(max-width: 600px) 100vw, 600px\" \/>\t\t\t\t\t\t\t\t\t\t\t\t\t\t\t<\/div>\n\t\t\t\t<\/div>\n\t\t\t\t<div class=\"elementor-element elementor-element-1104bd74 elementor-widget elementor-widget-heading\" data-id=\"1104bd74\" data-element_type=\"widget\" data-widget_type=\"heading.default\">\n\t\t\t\t<div class=\"elementor-widget-container\">\n\t\t\t<h2 class=\"elementor-heading-title elementor-size-default\">Curso online massagem para beb\u00eas\nAyurveda na Shantala<\/h2>\t\t<\/div>\n\t\t\t\t<\/div>\n\t\t\t\t<div class=\"elementor-element elementor-element-316b2bc9 elementor-widget elementor-widget-text-editor\" data-id=\"316b2bc9\" data-element_type=\"widget\" data-widget_type=\"text-editor.default\">\n\t\t\t\t<div class=\"elementor-widget-container\">\n\t\t\t\t\t\t\t\t<p>O curso traz o conhecimento necess\u00e1rio para que voc\u00ea possa aplicar a massagem de forma segura no seu beb\u00ea ou se tornar uma facilitadora desta t\u00e9cnica milenar, de baixo custo e muito eficaz. A Shantala \u00e9 excelente para a harmoniza\u00e7\u00e3o energ\u00e9tica do beb\u00ea, reduz o estresse e promove sensa\u00e7\u00e3o de bem-estar, reduzindo c\u00f3licas, melhorando a qualidade do sono e fortalecendo o v\u00ednculo entre a fam\u00edlia.<\/p><p><strong>Benef\u00edcios para o beb\u00ea<\/strong><br \/>&#8211; Fortalece o sistema imunol\u00f3gico;<br \/>&#8211; Alivia tens\u00f5es e ansiedade;<br \/>&#8211; Desenvolvimento motor e emocional;<br \/>&#8211; Refor\u00e7o do v\u00ednculo e da seguran\u00e7a;<br \/>&#8211; Ajuda no crescimento de rela\u00e7\u00f5es saud\u00e1veis;<br \/>-Promove sono tranquilo e al\u00edvio das c\u00f3licas;<br \/>&#8211; Aumenta a percep\u00e7\u00e3o corporal, relaxamento e prazer;<br \/>&#8211; Em beb\u00eas prematuros, a Shantala diminui o tempo de interna\u00e7\u00e3o e estimula o ganho de peso.<\/p><p><strong>Benef\u00edcios para quem aplica a Shantala<\/strong><br \/>&#8211; Estabelece v\u00ednculo;<br \/>&#8211; Desenvolvimento de habilidades para tocar no beb\u00ea;<br \/>&#8211; Promove conhecimento do corpo do beb\u00ea;<br \/>&#8211; Desenvolve a comunica\u00e7\u00e3o de sentimentos pelo toque;<br \/>&#8211; Sensa\u00e7\u00e3o de bem-estar e relaxamento.<\/p>\t\t\t\t\t\t<\/div>\n\t\t\t\t<\/div>\n\t\t\t\t\t<\/div>\n\t\t<\/div>\n\t\t\t\t<div class=\"elementor-column elementor-col-16 elementor-top-column elementor-element elementor-element-5ffb7c25\" data-id=\"5ffb7c25\" data-element_type=\"column\">\n\t\t\t<div class=\"elementor-widget-wrap\">\n\t\t\t\t\t\t\t\t\t<\/div>\n\t\t<\/div>\n\t\t\t\t\t\t\t<\/div>\n\t\t<\/section>\n\t\t\t\t<section class=\"elementor-section elementor-top-section elementor-element elementor-element-318495a0 elementor-section-boxed elementor-section-height-default elementor-section-height-default\" data-id=\"318495a0\" data-element_type=\"section\">\n\t\t\t\t\t\t<div class=\"elementor-container elementor-column-gap-default\">\n\t\t\t\t\t<div class=\"elementor-column elementor-col-100 elementor-top-column elementor-element elementor-element-961600\" data-id=\"961600\" data-element_type=\"column\">\n\t\t\t<div class=\"elementor-widget-wrap elementor-element-populated\">\n\t\t\t\t\t\t\t\t<div class=\"elementor-element elementor-element-48a2de40 elementor-widget elementor-widget-spacer\" data-id=\"48a2de40\" data-element_type=\"widget\" data-widget_type=\"spacer.default\">\n\t\t\t\t<div class=\"elementor-widget-container\">\n\t\t\t\t\t<div class=\"elementor-spacer\">\n\t\t\t<div class=\"elementor-spacer-inner\"><\/div>\n\t\t<\/div>\n\t\t\t\t<\/div>\n\t\t\t\t<\/div>\n\t\t\t\t\t<\/div>\n\t\t<\/div>\n\t\t\t\t\t\t\t<\/div>\n\t\t<\/section>\n\t\t\t\t<section class=\"elementor-section elementor-top-section elementor-element elementor-element-6ab9ae03 elementor-section-full_width elementor-section-content-middle elementor-section-height-default elementor-section-height-default\" data-id=\"6ab9ae03\" data-element_type=\"section\" data-settings=\"{&quot;background_background&quot;:&quot;classic&quot;}\">\n\t\t\t\t\t\t<div class=\"elementor-container elementor-column-gap-default\">\n\t\t\t\t\t<div class=\"elementor-column elementor-col-50 elementor-top-column elementor-element elementor-element-270c5304\" data-id=\"270c5304\" data-element_type=\"column\">\n\t\t\t<div class=\"elementor-widget-wrap elementor-element-populated\">\n\t\t\t\t\t\t\t\t<div class=\"elementor-element elementor-element-22022f8f elementor-widget elementor-widget-image\" data-id=\"22022f8f\" data-element_type=\"widget\" data-widget_type=\"image.default\">\n\t\t\t\t<div class=\"elementor-widget-container\">\n\t\t\t\t\t\t\t\t\t\t\t\t\t\t\t\t<a href=\"https:\/\/lojaaconcheguinho.com.br\/enfermeiramichele\/\">\n\t\t\t\t\t\t\t<img width=\"1024\" height=\"140\" src=\"https:\/\/lojaaconcheguinho.com.br\/enfermeiramichele\/wp-content\/uploads\/2022\/05\/logo_michele-1024x140.png\" class=\"attachment-large size-large\" alt=\"\" loading=\"lazy\" srcset=\"https:\/\/lojaaconcheguinho.com.br\/enfermeiramichele\/wp-content\/uploads\/2022\/05\/logo_michele-1024x140.png 1024w, https:\/\/lojaaconcheguinho.com.br\/enfermeiramichele\/wp-content\/uploads\/2022\/05\/logo_michele-300x41.png 300w, https:\/\/lojaaconcheguinho.com.br\/enfermeiramichele\/wp-content\/uploads\/2022\/05\/logo_michele-768x105.png 768w, https:\/\/lojaaconcheguinho.com.br\/enfermeiramichele\/wp-content\/uploads\/2022\/05\/logo_michele-1536x211.png 1536w, https:\/\/lojaaconcheguinho.com.br\/enfermeiramichele\/wp-content\/uploads\/2022\/05\/logo_michele.png 1634w\" sizes=\"(max-width: 1024px) 100vw, 1024px\" \/>\t\t\t\t\t\t\t\t<\/a>\n\t\t\t\t\t\t\t\t\t\t\t\t\t\t\t<\/div>\n\t\t\t\t<\/div>\n\t\t\t\t\t<\/div>\n\t\t<\/div>\n\t\t\t\t<div class=\"elementor-column elementor-col-50 elementor-top-column elementor-element elementor-element-2377bdd\" data-id=\"2377bdd\" data-element_type=\"column\">\n\t\t\t<div class=\"elementor-widget-wrap elementor-element-populated\">\n\t\t\t\t\t\t\t\t<div class=\"elementor-element elementor-element-255b9614 elementor-widget elementor-widget-heading\" data-id=\"255b9614\" data-element_type=\"widget\" data-widget_type=\"heading.default\">\n\t\t\t\t<div class=\"elementor-widget-container\">\n\t\t\t<h2 class=\"elementor-heading-title elementor-size-default\"><a href=\"http:\/\/calettiassessoria.com.br\/\">2022 | Direitos Reservados | www.calettiassessoria.com.br<\/a><\/h2>\t\t<\/div>\n\t\t\t\t<\/div>\n\t\t\t\t\t<\/div>\n\t\t<\/div>\n\t\t\t\t\t\t\t<\/div>\n\t\t<\/section>\n\t\t\t\t\t\t<\/div>\n\t\t\t\t\t<\/div>\n\t\t","protected":false},"excerpt":{"rendered":"<p>Facebook Instagram Whatsapp Consultoria Cursos Laserterapia Shantala Shantala Oficina online de Shantala Voltada para as mam\u00e3es que querem aprender a massagear seu beb\u00ea, a Oficina de Shantala &#8211; antes realizada de forma presencial &#8211; foi adaptada para que voc\u00ea n\u00e3o precise sair de casa. A Oficina de Shantala online traz orienta\u00e7\u00f5es sobre prepara\u00e7\u00e3o do local,&#8230;<\/p>\n","protected":false},"author":1,"featured_media":0,"parent":0,"menu_order":0,"comment_status":"closed","ping_status":"closed","template":"elementor_canvas","meta":{"_monsterinsights_skip_tracking":false,"_monsterinsights_sitenote_active":false,"_monsterinsights_sitenote_note":"","_monsterinsights_sitenote_category":0,"_kad_post_transparent":"","_kad_post_title":"hide","_kad_post_layout":"fullwidth","_kad_post_sidebar_id":"","_kad_post_content_style":"unboxed","_kad_post_vertical_padding":"hide","_kad_post_feature":"hide","_kad_post_feature_position":"","_kad_post_header":false,"_kad_post_footer":false},"_links":{"self":[{"href":"https:\/\/lojaaconcheguinho.com.br\/enfermeiramichele\/index.php\/wp-json\/wp\/v2\/pages\/1412"}],"collection":[{"href":"https:\/\/lojaaconcheguinho.com.br\/enfermeiramichele\/index.php\/wp-json\/wp\/v2\/pages"}],"about":[{"href":"https:\/\/lojaaconcheguinho.com.br\/enfermeiramichele\/index.php\/wp-json\/wp\/v2\/types\/page"}],"author":[{"embeddable":true,"href":"https:\/\/lojaaconcheguinho.com.br\/enfermeiramichele\/index.php\/wp-json\/wp\/v2\/users\/1"}],"replies":[{"embeddable":true,"href":"https:\/\/lojaaconcheguinho.com.br\/enfermeiramichele\/index.php\/wp-json\/wp\/v2\/comments?post=1412"}],"version-history":[{"count":16,"href":"https:\/\/lojaaconcheguinho.com.br\/enfermeiramichele\/index.php\/wp-json\/wp\/v2\/pages\/1412\/revisions"}],"predecessor-version":[{"id":1432,"href":"https:\/\/lojaaconcheguinho.com.br\/enfermeiramichele\/index.php\/wp-json\/wp\/v2\/pages\/1412\/revisions\/1432"}],"wp:attachment":[{"href":"https:\/\/lojaaconcheguinho.com.br\/enfermeiramichele\/index.php\/wp-json\/wp\/v2\/media?parent=1412"}],"curies":[{"name":"wp","href":"https:\/\/api.w.org\/{rel}","templated":true}]}}