{"id":1013,"date":"2022-05-16T21:41:49","date_gmt":"2022-05-17T00:41:49","guid":{"rendered":"https:\/\/lojaaconcheguinho.com.br\/?post_type=product&#038;p=1013"},"modified":"2022-05-16T21:44:17","modified_gmt":"2022-05-17T00:44:17","slug":"camiseta-adulto-manga-curta-cinza-mescla","status":"publish","type":"product","link":"https:\/\/lojaaconcheguinho.com.br\/index.php\/product\/camiseta-adulto-manga-curta-cinza-mescla\/","title":{"rendered":"Camiseta Adulto Manga Curta Cinza Mescla"},"content":{"rendered":"<p>Personalize momentos e eternize lembran\u00e7as. Um presente exclusivo comove e aproxima as pessoas.<\/p>\n<p>Um body, uma camiseta ou toalhinha personalizada reflete o que voc\u00ea pensa e deseja para outra pessoa. As nossas camisetas e bodys s\u00e3o de poli\u00e9ster fio 30 (n\u00e3o transparente), que proporciona ao usu\u00e1rio o conforto de um tecido mais leve e suave.<\/p>\n<p>J\u00e1 a Toalha Lavabinho \u00e9 feita 100% em Algod\u00e3o com exce\u00e7\u00e3o da sua barra sublim\u00e1vel, que \u00e9 composta por tecido 100% Poli\u00e9ster.<\/p>\n<p>Tanto a camiseta quanto a toalha podem receber qualquer tipo de estampa, desde uma imagem de paisagem ou personalidade, at\u00e9 frases e fotos de familiares, amigos ou da pessoa amada. N\u00e3o h\u00e1 limites para sua criatividade.<\/p>\n<p>Como s\u00e3o produtos personalizados, s\u00e3o confeccionados a partir de 48 horas \u00fateis ap\u00f3s a confirma\u00e7\u00e3o do pagamento.<\/p>\n<p>Produto dispon\u00edvel apenas na cor branco.<\/p>\n<p><img loading=\"lazy\" class=\"aligncenter wp-image-876\" src=\"http:\/\/lojaaconcheguinho.com.br\/wp-content\/uploads\/2022\/05\/medidas-adulto-300x106.jpg\" alt=\"\" width=\"500\" height=\"177\" srcset=\"https:\/\/lojaaconcheguinho.com.br\/wp-content\/uploads\/2022\/05\/medidas-adulto-300x106.jpg 300w, https:\/\/lojaaconcheguinho.com.br\/wp-content\/uploads\/2022\/05\/medidas-adulto-433x153.jpg 433w, https:\/\/lojaaconcheguinho.com.br\/wp-content\/uploads\/2022\/05\/medidas-adulto-1024x362.jpg 1024w, https:\/\/lojaaconcheguinho.com.br\/wp-content\/uploads\/2022\/05\/medidas-adulto-768x271.jpg 768w, https:\/\/lojaaconcheguinho.com.br\/wp-content\/uploads\/2022\/05\/medidas-adulto.jpg 1296w\" sizes=\"(max-width: 500px) 100vw, 500px\" \/><\/p>\n","protected":false},"excerpt":{"rendered":"<p>Camiseta Adulto Manga Curta &#8211; 100% Poli\u00e9ster<\/p>\n<p>Fio 30<\/p>\n","protected":false},"featured_media":905,"comment_status":"open","ping_status":"closed","template":"","meta":[],"product_cat":[121],"product_tag":[59,49,123,122,116,114,126,115,112,124,113,117,125],"_links":{"self":[{"href":"https:\/\/lojaaconcheguinho.com.br\/index.php\/wp-json\/wp\/v2\/product\/1013"}],"collection":[{"href":"https:\/\/lojaaconcheguinho.com.br\/index.php\/wp-json\/wp\/v2\/product"}],"about":[{"href":"https:\/\/lojaaconcheguinho.com.br\/index.php\/wp-json\/wp\/v2\/types\/product"}],"replies":[{"embeddable":true,"href":"https:\/\/lojaaconcheguinho.com.br\/index.php\/wp-json\/wp\/v2\/comments?post=1013"}],"wp:featuredmedia":[{"embeddable":true,"href":"https:\/\/lojaaconcheguinho.com.br\/index.php\/wp-json\/wp\/v2\/media\/905"}],"wp:attachment":[{"href":"https:\/\/lojaaconcheguinho.com.br\/index.php\/wp-json\/wp\/v2\/media?parent=1013"}],"wp:term":[{"taxonomy":"product_cat","embeddable":true,"href":"https:\/\/lojaaconcheguinho.com.br\/index.php\/wp-json\/wp\/v2\/product_cat?post=1013"},{"taxonomy":"product_tag","embeddable":true,"href":"https:\/\/lojaaconcheguinho.com.br\/index.php\/wp-json\/wp\/v2\/product_tag?post=1013"}],"curies":[{"name":"wp","href":"https:\/\/api.w.org\/{rel}","templated":true}]}}