{"id":1395,"date":"2022-05-17T09:54:14","date_gmt":"2022-05-17T12:54:14","guid":{"rendered":"https:\/\/lojaaconcheguinho.com.br\/?post_type=product&#038;p=1395"},"modified":"2025-03-11T19:45:40","modified_gmt":"2025-03-11T22:45:40","slug":"sling-aconchego-cinza-claro","status":"publish","type":"product","link":"https:\/\/lojaaconcheguinho.com.br\/index.php\/product\/sling-aconchego-cinza-claro\/","title":{"rendered":"Sling Aconchego &#8211; Cinza Claro"},"content":{"rendered":"<p>Sling \u00e9 a forma mais segura e prazerosa de transporte do beb\u00ea.<br \/>\nO beb\u00ea fica em posi\u00e7\u00e3o fisiol\u00f3gica e segura, proporciona melhor v\u00ednculo, sono profundo, al\u00edvio de c\u00f3licas.<br \/>\nTecido \u00e9 100% algod\u00e3o com 5 metros de comprimento e 60 cm de largura. Resistente at\u00e9 20 kg. Pode ser usado desde rec\u00e9m nascido. A pessoa que est\u00e1 transportando o beb\u00ea fica com as m\u00e3os livres, \u00e9 confort\u00e1vel, distribui o peso entre os ombros.<br \/>\n\u00c9 acess\u00f3rio indispens\u00e1vel para o enxoval do beb\u00ea.<\/p>\n<p>Sling Aconchego pode ser personalizado com nome do beb\u00ea.<\/p>\n","protected":false},"excerpt":{"rendered":"<p>Sling \u00e9 a forma mais segura e prazerosa de transporte do beb\u00ea.<br \/>\nO beb\u00ea fica em posi\u00e7\u00e3o fisiol\u00f3gica e segura, proporciona melhor v\u00ednculo, sono profundo, al\u00edvio de c\u00f3licas.<\/p>\n","protected":false},"featured_media":431,"comment_status":"open","ping_status":"closed","template":"","meta":[],"product_cat":[82],"product_tag":[59,84,49,47,43,89,48,86,88,85,83,87],"_links":{"self":[{"href":"https:\/\/lojaaconcheguinho.com.br\/index.php\/wp-json\/wp\/v2\/product\/1395"}],"collection":[{"href":"https:\/\/lojaaconcheguinho.com.br\/index.php\/wp-json\/wp\/v2\/product"}],"about":[{"href":"https:\/\/lojaaconcheguinho.com.br\/index.php\/wp-json\/wp\/v2\/types\/product"}],"replies":[{"embeddable":true,"href":"https:\/\/lojaaconcheguinho.com.br\/index.php\/wp-json\/wp\/v2\/comments?post=1395"}],"wp:featuredmedia":[{"embeddable":true,"href":"https:\/\/lojaaconcheguinho.com.br\/index.php\/wp-json\/wp\/v2\/media\/431"}],"wp:attachment":[{"href":"https:\/\/lojaaconcheguinho.com.br\/index.php\/wp-json\/wp\/v2\/media?parent=1395"}],"wp:term":[{"taxonomy":"product_cat","embeddable":true,"href":"https:\/\/lojaaconcheguinho.com.br\/index.php\/wp-json\/wp\/v2\/product_cat?post=1395"},{"taxonomy":"product_tag","embeddable":true,"href":"https:\/\/lojaaconcheguinho.com.br\/index.php\/wp-json\/wp\/v2\/product_tag?post=1395"}],"curies":[{"name":"wp","href":"https:\/\/api.w.org\/{rel}","templated":true}]}}