{"id":1605,"date":"2022-06-13T10:16:46","date_gmt":"2022-06-13T13:16:46","guid":{"rendered":"https:\/\/lojaaconcheguinho.com.br\/?post_type=product&#038;p=1605"},"modified":"2022-06-13T10:17:36","modified_gmt":"2022-06-13T13:17:36","slug":"body-manga-longa-canelado-branco-alo-vovo","status":"publish","type":"product","link":"https:\/\/lojaaconcheguinho.com.br\/index.php\/product\/body-manga-longa-canelado-branco-alo-vovo\/","title":{"rendered":"Body Manga Longa Canelado Branco &#8211; Al\u00f4 Vov\u00f3"},"content":{"rendered":"<p>Body manga longa canelado, toque super macio e confort\u00e1vel. Pe\u00e7a essencial para os primeiros meses de vida do beb\u00ea, pois protege o corpo delicado, mant\u00e9m a fralda no lugar, al\u00e9m de ser super fresquinho. Possui abertura para passar a cabe\u00e7a do beb\u00ea e fechamento por bot\u00f5es de press\u00e3o.<\/p>\n<p>O Body Infantil Manga Longa Branco \u00e9 desenvolvido com tecido 100% poli\u00e9ster. A malha \u00e9 leve e suave proporcionando extremo conforto ao beb\u00ea.<\/p>\n<p>Se voc\u00ea n\u00e3o encontrou a estampa que desejava, fale conosco, que criamos uma pe\u00e7a exclusiva. Pode ser com uma frase, um desenho preferido da crian\u00e7a ou ainda uma foto. Voc\u00ea imagina e a gente realiza.<\/p>\n<p>Nossos produtos s\u00e3o personalizados e a produ\u00e7\u00e3o inicia em at\u00e9 48 horas ap\u00f3s confirma\u00e7\u00e3o do pagamento. A entrega acontece a partir de 72 horas ap\u00f3s confirma\u00e7\u00e3o do pedido. Valor da entrega n\u00e3o est\u00e1 inclu\u00eddo no produto. As taxas est\u00e3o dispon\u00edveis no momento da conclus\u00e3o da compra.<\/p>\n","protected":false},"excerpt":{"rendered":"<p>O Body Infantil Manga Longa Branco \u00e9 desenvolvido com tecido 100% poli\u00e9ster. A malha \u00e9 leve e suave proporcionando extremo conforto ao beb\u00ea.<\/p>\n","protected":false},"featured_media":1610,"comment_status":"open","ping_status":"closed","template":"","meta":[],"product_cat":[161],"product_tag":[49,169,47,171,123,168,170,166,48,167,174,173,117,172],"_links":{"self":[{"href":"https:\/\/lojaaconcheguinho.com.br\/index.php\/wp-json\/wp\/v2\/product\/1605"}],"collection":[{"href":"https:\/\/lojaaconcheguinho.com.br\/index.php\/wp-json\/wp\/v2\/product"}],"about":[{"href":"https:\/\/lojaaconcheguinho.com.br\/index.php\/wp-json\/wp\/v2\/types\/product"}],"replies":[{"embeddable":true,"href":"https:\/\/lojaaconcheguinho.com.br\/index.php\/wp-json\/wp\/v2\/comments?post=1605"}],"wp:featuredmedia":[{"embeddable":true,"href":"https:\/\/lojaaconcheguinho.com.br\/index.php\/wp-json\/wp\/v2\/media\/1610"}],"wp:attachment":[{"href":"https:\/\/lojaaconcheguinho.com.br\/index.php\/wp-json\/wp\/v2\/media?parent=1605"}],"wp:term":[{"taxonomy":"product_cat","embeddable":true,"href":"https:\/\/lojaaconcheguinho.com.br\/index.php\/wp-json\/wp\/v2\/product_cat?post=1605"},{"taxonomy":"product_tag","embeddable":true,"href":"https:\/\/lojaaconcheguinho.com.br\/index.php\/wp-json\/wp\/v2\/product_tag?post=1605"}],"curies":[{"name":"wp","href":"https:\/\/api.w.org\/{rel}","templated":true}]}}