{"id":412,"date":"2022-05-11T11:33:12","date_gmt":"2022-05-11T14:33:12","guid":{"rendered":"https:\/\/lojaaconcheguinho.com.br\/?post_type=product&#038;p=412"},"modified":"2022-05-11T11:37:29","modified_gmt":"2022-05-11T14:37:29","slug":"consultoria-em-amamentacao","status":"publish","type":"product","link":"https:\/\/lojaaconcheguinho.com.br\/index.php\/product\/consultoria-em-amamentacao\/","title":{"rendered":"Consultoria em Amamenta\u00e7\u00e3o"},"content":{"rendered":"<p>Consultoria em Amamenta\u00e7\u00e3o tem o objetivo de avaliar e diagnosticar poss\u00edveis problemas e, caso necess\u00e1rio, intervir na amamenta\u00e7\u00e3o para promover o aleitamento materno eficaz e prazeroso.<\/p>\n<p>O atendimento \u00e9 combinado de acordo com a necessidade da fam\u00edlia e com hora marcada. O local de atendimento fica na rua Dom Diogo de Souza, 715 no bairro Passo D\u2019Areia, em Porto Alegre.<\/p>\n<p>Em caso de necessidade, tamb\u00e9m realizo laserterapia, para trazer mais conforto para as mam\u00e3es.<\/p>\n","protected":false},"excerpt":{"rendered":"<p>Consultoria em Amamenta\u00e7\u00e3o tem o objetivo de avaliar e diagnosticar poss\u00edveis problemas e, caso necess\u00e1rio, intervir na amamenta\u00e7\u00e3o para promover o aleitamento materno eficaz e prazeroso.<\/p>\n","protected":false},"featured_media":413,"comment_status":"open","ping_status":"closed","template":"","meta":[],"product_cat":[64],"product_tag":[49,67,66,47,65,69,48,68],"_links":{"self":[{"href":"https:\/\/lojaaconcheguinho.com.br\/index.php\/wp-json\/wp\/v2\/product\/412"}],"collection":[{"href":"https:\/\/lojaaconcheguinho.com.br\/index.php\/wp-json\/wp\/v2\/product"}],"about":[{"href":"https:\/\/lojaaconcheguinho.com.br\/index.php\/wp-json\/wp\/v2\/types\/product"}],"replies":[{"embeddable":true,"href":"https:\/\/lojaaconcheguinho.com.br\/index.php\/wp-json\/wp\/v2\/comments?post=412"}],"wp:featuredmedia":[{"embeddable":true,"href":"https:\/\/lojaaconcheguinho.com.br\/index.php\/wp-json\/wp\/v2\/media\/413"}],"wp:attachment":[{"href":"https:\/\/lojaaconcheguinho.com.br\/index.php\/wp-json\/wp\/v2\/media?parent=412"}],"wp:term":[{"taxonomy":"product_cat","embeddable":true,"href":"https:\/\/lojaaconcheguinho.com.br\/index.php\/wp-json\/wp\/v2\/product_cat?post=412"},{"taxonomy":"product_tag","embeddable":true,"href":"https:\/\/lojaaconcheguinho.com.br\/index.php\/wp-json\/wp\/v2\/product_tag?post=412"}],"curies":[{"name":"wp","href":"https:\/\/api.w.org\/{rel}","templated":true}]}}