{"id":797,"date":"2022-05-16T10:06:02","date_gmt":"2022-05-16T13:06:02","guid":{"rendered":"https:\/\/lojaaconcheguinho.com.br\/?post_type=product&#038;p=797"},"modified":"2022-05-16T10:06:02","modified_gmt":"2022-05-16T13:06:02","slug":"caneca-colorida-com-tarja-branca-325ml","status":"publish","type":"product","link":"https:\/\/lojaaconcheguinho.com.br\/index.php\/product\/caneca-colorida-com-tarja-branca-325ml\/","title":{"rendered":"Caneca Colorida com Tarja Branca &#8211; 325ml"},"content":{"rendered":"<p>Personalize momentos e eternize lembran\u00e7as. Um presente exclusivo comove e aproxima as pessoas.<\/p>\n<p>Uma caneca personalizada reflete o que voc\u00ea pensa e deseja para outra pessoa. As nossas canecas, com diferentes cores, estilos e materiais, podem receber qualquer tipo de estampa, desde uma imagem de paisagem ou personalidade, at\u00e9 frases e fotos de familiares, amigos ou da pessoa amada. N\u00e3o h\u00e1 limites para sua criatividade.<\/p>\n<p>As nossas canecas s\u00e3o feitas em porcelana ou pol\u00edmero e podem ser levadas ao forno.<\/p>\n<p>Como s\u00e3o produtos personalizados, s\u00e3o confeccionados a partir de 48 horas \u00fateis ap\u00f3s a confirma\u00e7\u00e3o do pagamento.<\/p>\n","protected":false},"excerpt":{"rendered":"<p>Caneca Colorida com Tarja Branca &#8211; 325ml<\/p>\n","protected":false},"featured_media":803,"comment_status":"open","ping_status":"closed","template":"","meta":[],"product_cat":[110],"product_tag":[49,111,118,116,114,115,112,119,113,117],"_links":{"self":[{"href":"https:\/\/lojaaconcheguinho.com.br\/index.php\/wp-json\/wp\/v2\/product\/797"}],"collection":[{"href":"https:\/\/lojaaconcheguinho.com.br\/index.php\/wp-json\/wp\/v2\/product"}],"about":[{"href":"https:\/\/lojaaconcheguinho.com.br\/index.php\/wp-json\/wp\/v2\/types\/product"}],"replies":[{"embeddable":true,"href":"https:\/\/lojaaconcheguinho.com.br\/index.php\/wp-json\/wp\/v2\/comments?post=797"}],"wp:featuredmedia":[{"embeddable":true,"href":"https:\/\/lojaaconcheguinho.com.br\/index.php\/wp-json\/wp\/v2\/media\/803"}],"wp:attachment":[{"href":"https:\/\/lojaaconcheguinho.com.br\/index.php\/wp-json\/wp\/v2\/media?parent=797"}],"wp:term":[{"taxonomy":"product_cat","embeddable":true,"href":"https:\/\/lojaaconcheguinho.com.br\/index.php\/wp-json\/wp\/v2\/product_cat?post=797"},{"taxonomy":"product_tag","embeddable":true,"href":"https:\/\/lojaaconcheguinho.com.br\/index.php\/wp-json\/wp\/v2\/product_tag?post=797"}],"curies":[{"name":"wp","href":"https:\/\/api.w.org\/{rel}","templated":true}]}}