{"id":982,"date":"2022-05-16T21:05:29","date_gmt":"2022-05-17T00:05:29","guid":{"rendered":"https:\/\/lojaaconcheguinho.com.br\/?post_type=product&#038;p=982"},"modified":"2022-05-16T21:05:30","modified_gmt":"2022-05-17T00:05:30","slug":"placa-mdf-10x15cm","status":"publish","type":"product","link":"https:\/\/lojaaconcheguinho.com.br\/index.php\/product\/placa-mdf-10x15cm\/","title":{"rendered":"Placa MDF 10x15cm"},"content":{"rendered":"<p>Personalize momentos e eternize lembran\u00e7as. Um presente exclusivo comove e aproxima as pessoas. Com as nossas placas em MDF n\u00e3o \u00e9 diferente.<\/p>\n<p>Com variadas formas e tamanhos, as placas em MDF podem servir para eternizar uma lembran\u00e7a ou ainda para decorar o seu ambiente. Voc\u00ea pode estampar desde uma imagem de paisagem ou personalidade, at\u00e9 frases e fotos de familiares, amigos ou da pessoa amada. N\u00e3o h\u00e1 limites para sua criatividade. Pode ainda optar por criar belos brindes. Voc\u00ea imagina e a gente produz.<\/p>\n<p>Como s\u00e3o produtos personalizados, s\u00e3o confeccionados a partir de 48 horas \u00fateis ap\u00f3s a confirma\u00e7\u00e3o do pagamento<\/p>\n","protected":false},"excerpt":{"rendered":"<p>Placa MDF 10x15cm<\/p>\n","protected":false},"featured_media":975,"comment_status":"open","ping_status":"closed","template":"","meta":[],"product_cat":[156],"product_tag":[49,158,116,114,115,112,157,113,117],"_links":{"self":[{"href":"https:\/\/lojaaconcheguinho.com.br\/index.php\/wp-json\/wp\/v2\/product\/982"}],"collection":[{"href":"https:\/\/lojaaconcheguinho.com.br\/index.php\/wp-json\/wp\/v2\/product"}],"about":[{"href":"https:\/\/lojaaconcheguinho.com.br\/index.php\/wp-json\/wp\/v2\/types\/product"}],"replies":[{"embeddable":true,"href":"https:\/\/lojaaconcheguinho.com.br\/index.php\/wp-json\/wp\/v2\/comments?post=982"}],"wp:featuredmedia":[{"embeddable":true,"href":"https:\/\/lojaaconcheguinho.com.br\/index.php\/wp-json\/wp\/v2\/media\/975"}],"wp:attachment":[{"href":"https:\/\/lojaaconcheguinho.com.br\/index.php\/wp-json\/wp\/v2\/media?parent=982"}],"wp:term":[{"taxonomy":"product_cat","embeddable":true,"href":"https:\/\/lojaaconcheguinho.com.br\/index.php\/wp-json\/wp\/v2\/product_cat?post=982"},{"taxonomy":"product_tag","embeddable":true,"href":"https:\/\/lojaaconcheguinho.com.br\/index.php\/wp-json\/wp\/v2\/product_tag?post=982"}],"curies":[{"name":"wp","href":"https:\/\/api.w.org\/{rel}","templated":true}]}}